{"id":141,"date":"2025-06-16T10:53:37","date_gmt":"2025-06-16T08:53:37","guid":{"rendered":"https:\/\/green-space.pro\/?page_id=141"},"modified":"2025-06-16T11:05:55","modified_gmt":"2025-06-16T09:05:55","slug":"blog-pytania-i-odpowiedzi","status":"publish","type":"page","link":"https:\/\/green-space.pro\/?page_id=141","title":{"rendered":"Blog &#8211; Pytania i odpowiedzi"},"content":{"rendered":"\t\t<div data-elementor-type=\"wp-page\" data-elementor-id=\"141\" class=\"elementor elementor-141\">\n\t\t\t\t<div class=\"elementor-element elementor-element-841d6f3 e-flex e-con-boxed e-con e-parent\" data-id=\"841d6f3\" data-element_type=\"container\">\n\t\t\t\t\t<div class=\"e-con-inner\">\n\t\t\t\t<div class=\"elementor-element elementor-element-78d66ba elementor-widget elementor-widget-heading\" data-id=\"78d66ba\" data-element_type=\"widget\" data-widget_type=\"heading.default\">\n\t\t\t\t<div class=\"elementor-widget-container\">\n\t\t\t\t\t<h2 class=\"elementor-heading-title elementor-size-default\">Dlaczego warto regularnie kosi\u0107 du\u017ce tereny zielone? Nie tylko dla estetyki!<\/h2>\t\t\t\t<\/div>\n\t\t\t\t<\/div>\n\t\t\t\t\t<\/div>\n\t\t\t\t<\/div>\n\t\t<div class=\"elementor-element elementor-element-bc606f4 e-flex e-con-boxed e-con e-parent\" data-id=\"bc606f4\" data-element_type=\"container\">\n\t\t\t\t\t<div class=\"e-con-inner\">\n\t\t\t\t<div class=\"elementor-element elementor-element-2260b30 elementor-widget elementor-widget-image\" data-id=\"2260b30\" data-element_type=\"widget\" data-widget_type=\"image.default\">\n\t\t\t\t<div class=\"elementor-widget-container\">\n\t\t\t\t\t\t\t\t\t\t\t\t\t\t\t<img fetchpriority=\"high\" decoding=\"async\" width=\"1080\" height=\"1080\" src=\"https:\/\/green-space.pro\/wp-content\/uploads\/2025\/06\/green-space-blog.png\" class=\"attachment-full size-full wp-image-143\" alt=\"Dlaczego warto regularnie kosi\u0107 du\u017ce tereny zielone? Nie tylko dla estetyki!\" srcset=\"https:\/\/green-space.pro\/wp-content\/uploads\/2025\/06\/green-space-blog.png 1080w, https:\/\/green-space.pro\/wp-content\/uploads\/2025\/06\/green-space-blog-300x300.png 300w, https:\/\/green-space.pro\/wp-content\/uploads\/2025\/06\/green-space-blog-1024x1024.png 1024w, https:\/\/green-space.pro\/wp-content\/uploads\/2025\/06\/green-space-blog-150x150.png 150w, https:\/\/green-space.pro\/wp-content\/uploads\/2025\/06\/green-space-blog-768x768.png 768w\" sizes=\"(max-width: 1080px) 100vw, 1080px\" \/>\t\t\t\t\t\t\t\t\t\t\t\t\t\t\t<\/div>\n\t\t\t\t<\/div>\n\t\t\t\t\t<\/div>\n\t\t\t\t<\/div>\n\t\t<div class=\"elementor-element elementor-element-e9054f7 e-flex e-con-boxed e-con e-parent\" data-id=\"e9054f7\" data-element_type=\"container\">\n\t\t\t\t\t<div class=\"e-con-inner\">\n\t\t\t\t<div class=\"elementor-element elementor-element-5a8ac6a elementor-widget elementor-widget-text-editor\" data-id=\"5a8ac6a\" data-element_type=\"widget\" data-widget_type=\"text-editor.default\">\n\t\t\t\t<div class=\"elementor-widget-container\">\n\t\t\t\t\t\t\t\t\t<p data-pm-slice=\"1 1 []\">Wielu w\u0142a\u015bcicieli dzia\u0142ek, zarz\u0105dc\u00f3w osiedli czy przedstawicieli gmin nie zdaje sobie sprawy, jak wielki wp\u0142yw na otoczenie ma regularne koszenie trawy. Dla firmy Green-Space to nie tylko praca \u2013 to misja dbania o \u0142ad przestrzenny i bezpiecze\u0144stwo.<\/p><h3>Trawa pod kontrol\u0105 \u2013 mniej kleszczy i alergen\u00f3w<\/h3><p>Zbyt wysoka trawa to idealne siedlisko dla kleszczy, komar\u00f3w oraz innych owad\u00f3w, kt\u00f3re mog\u0105 by\u0107 zagro\u017ceniem dla ludzi i zwierz\u0105t. Regularne koszenie ogranicza ich wyst\u0119powanie i zmniejsza ryzyko kontaktu z alergenami.<\/p><h3>Zadbany teren = wy\u017csza warto\u015b\u0107 nieruchomo\u015bci<\/h3><p>Zielony, r\u00f3wno przyci\u0119ty trawnik \u2013 brzmi jak bana\u0142? A jednak to jeden z najcz\u0119\u015bciej wskazywanych przez kupuj\u0105cych element\u00f3w wp\u0142ywaj\u0105cych na decyzj\u0119 o zakupie nieruchomo\u015bci. Dla firm to z kolei element profesjonalnego wizerunku.<\/p><h3>Profesjonalny sprz\u0119t kontra domowa kosiarka<\/h3><p>Green-Space korzysta ze specjalistycznych ci\u0105gnik\u00f3w i wykaszarek, kt\u00f3re pozwalaj\u0105 na szybkie i dok\u0142adne wykonanie us\u0142ugi nawet na bardzo du\u017cych powierzchniach. Nie ryzykuj awarii sprz\u0119tu czy kontuzji \u2013 zostaw to profesjonalistom!<\/p><h3>Jak cz\u0119sto kosi\u0107 du\u017ce przestrzenie?<\/h3><p>Nie ma jednej odpowiedzi. W sezonie wegetacyjnym nawet co 10-14 dni, przy mniej intensywnym wzro\u015bcie \u2013 raz w miesi\u0105cu. Green-Space doradza optymalne terminy w zale\u017cno\u015bci od rodzaju trawy i przeznaczenia terenu.<\/p>\t\t\t\t\t\t\t\t<\/div>\n\t\t\t\t<\/div>\n\t\t\t\t\t<\/div>\n\t\t\t\t<\/div>\n\t\t<div class=\"elementor-element elementor-element-dbb47af e-flex e-con-boxed e-con e-parent\" data-id=\"dbb47af\" data-element_type=\"container\">\n\t\t\t\t\t<div class=\"e-con-inner\">\n\t\t\t\t<div class=\"elementor-element elementor-element-75df31a elementor-widget elementor-widget-heading\" data-id=\"75df31a\" data-element_type=\"widget\" data-widget_type=\"heading.default\">\n\t\t\t\t<div class=\"elementor-widget-container\">\n\t\t\t\t\t<h2 class=\"elementor-heading-title elementor-size-default\">Zielona przestrze\u0144, czysty zysk \u2013 jak utrzymanie porz\u0105dku wp\u0142ywa na wizerunek firmy i osiedla?<\/h2>\t\t\t\t<\/div>\n\t\t\t\t<\/div>\n\t\t\t\t\t<\/div>\n\t\t\t\t<\/div>\n\t\t<div class=\"elementor-element elementor-element-725e9cf e-flex e-con-boxed e-con e-parent\" data-id=\"725e9cf\" data-element_type=\"container\">\n\t\t\t\t\t<div class=\"e-con-inner\">\n\t\t\t\t<div class=\"elementor-element elementor-element-250fbb6 elementor-widget elementor-widget-image\" data-id=\"250fbb6\" data-element_type=\"widget\" data-widget_type=\"image.default\">\n\t\t\t\t<div class=\"elementor-widget-container\">\n\t\t\t\t\t\t\t\t\t\t\t\t\t\t\t<img decoding=\"async\" width=\"1080\" height=\"1080\" src=\"https:\/\/green-space.pro\/wp-content\/uploads\/2025\/06\/green-space-blog1.png\" class=\"attachment-full size-full wp-image-144\" alt=\"Zielona przestrze\u0144, czysty zysk \u2013 jak utrzymanie porz\u0105dku wp\u0142ywa na wizerunek firmy i osiedla?\" srcset=\"https:\/\/green-space.pro\/wp-content\/uploads\/2025\/06\/green-space-blog1.png 1080w, https:\/\/green-space.pro\/wp-content\/uploads\/2025\/06\/green-space-blog1-300x300.png 300w, https:\/\/green-space.pro\/wp-content\/uploads\/2025\/06\/green-space-blog1-1024x1024.png 1024w, https:\/\/green-space.pro\/wp-content\/uploads\/2025\/06\/green-space-blog1-150x150.png 150w, https:\/\/green-space.pro\/wp-content\/uploads\/2025\/06\/green-space-blog1-768x768.png 768w\" sizes=\"(max-width: 1080px) 100vw, 1080px\" \/>\t\t\t\t\t\t\t\t\t\t\t\t\t\t\t<\/div>\n\t\t\t\t<\/div>\n\t\t\t\t\t<\/div>\n\t\t\t\t<\/div>\n\t\t<div class=\"elementor-element elementor-element-28747a1 e-flex e-con-boxed e-con e-parent\" data-id=\"28747a1\" data-element_type=\"container\">\n\t\t\t\t\t<div class=\"e-con-inner\">\n\t\t\t\t<div class=\"elementor-element elementor-element-b1285cc elementor-widget elementor-widget-text-editor\" data-id=\"b1285cc\" data-element_type=\"widget\" data-widget_type=\"text-editor.default\">\n\t\t\t\t<div class=\"elementor-widget-container\">\n\t\t\t\t\t\t\t\t\t<p data-pm-slice=\"1 1 []\">Nie tylko wn\u0119trze si\u0119 liczy. To, co na zewn\u0105trz, cz\u0119sto stanowi pierwszy kontakt klienta lub mieszka\u0144ca z dan\u0105 przestrzeni\u0105. A pierwsze wra\u017cenie robi si\u0119 tylko raz. Green-Space wie, jak zadba\u0107 o estetyk\u0119 i porz\u0105dek.<\/p><h3>Pierwsze wra\u017cenie robi ziele\u0144<\/h3><p>Schludna ziele\u0144, przyci\u0119te \u017cywop\u0142oty, skoszona trawa i brak \u015bmieci \u2013 to wszystko przek\u0142ada si\u0119 na poczucie komfortu i bezpiecze\u0144stwa. Estetyczne otoczenie to sygna\u0142, \u017ce zarz\u0105dzaj\u0105cy dba o szczeg\u00f3\u0142y.<\/p><h3>Czysto = profesjonalnie<\/h3><p>Dla firm czysto\u015b\u0107 wok\u00f3\u0142 budynku to element marketingowy. Potencjalny klient widzi dba\u0142o\u015b\u0107 i profesjonalizm zanim jeszcze wejdzie do \u015brodka. Green-Space pomaga budowa\u0107 taki obraz.<\/p><h3>Zielony marketing: jak natura wspiera Twoj\u0105 mark\u0119<\/h3><p>Coraz wi\u0119cej firm inwestuje w zielone przestrzenie wok\u00f3\u0142 siedzib \u2013 nie tylko ze wzgl\u0119du na mod\u0119, ale i praktyczne korzy\u015bci: poprawa samopoczucia pracownik\u00f3w, pozytywne opinie odwiedzaj\u0105cych, czy ni\u017csze temperatury latem.<\/p><h3>Outsourcing us\u0142ug porz\u0105dkowych \u2013 kiedy si\u0119 op\u0142aca?<\/h3><p>Zatrudnianie w\u0142asnych ekip sprz\u0105taj\u0105cych czy ogrodniczych bywa kosztowne i nieefektywne. Green-Space to elastyczne podej\u015bcie, mo\u017cliwo\u015b\u0107 jednorazowych interwencji lub d\u0142ugofalowej wsp\u00f3\u0142pracy.<\/p><div><hr \/><\/div><p>\u00a0<\/p>\t\t\t\t\t\t\t\t<\/div>\n\t\t\t\t<\/div>\n\t\t\t\t\t<\/div>\n\t\t\t\t<\/div>\n\t\t<div class=\"elementor-element elementor-element-17ae8eb e-flex e-con-boxed e-con e-parent\" data-id=\"17ae8eb\" data-element_type=\"container\">\n\t\t\t\t\t<div class=\"e-con-inner\">\n\t\t\t\t<div class=\"elementor-element elementor-element-6faad7d elementor-widget elementor-widget-heading\" data-id=\"6faad7d\" data-element_type=\"widget\" data-widget_type=\"heading.default\">\n\t\t\t\t<div class=\"elementor-widget-container\">\n\t\t\t\t\t<h2 class=\"elementor-heading-title elementor-size-default\">Ekologiczne porz\u0105dkowanie teren\u00f3w \u2013 jak Green-Space dba o \u015brodowisko podczas pracy?<\/h2>\t\t\t\t<\/div>\n\t\t\t\t<\/div>\n\t\t\t\t\t<\/div>\n\t\t\t\t<\/div>\n\t\t<div class=\"elementor-element elementor-element-f28c6ae e-flex e-con-boxed e-con e-parent\" data-id=\"f28c6ae\" data-element_type=\"container\">\n\t\t\t\t\t<div class=\"e-con-inner\">\n\t\t\t\t<div class=\"elementor-element elementor-element-8c43070 elementor-widget elementor-widget-image\" data-id=\"8c43070\" data-element_type=\"widget\" data-widget_type=\"image.default\">\n\t\t\t\t<div class=\"elementor-widget-container\">\n\t\t\t\t\t\t\t\t\t\t\t\t\t\t\t<img decoding=\"async\" width=\"1080\" height=\"1080\" src=\"https:\/\/green-space.pro\/wp-content\/uploads\/2025\/06\/green-space-blog3.png\" class=\"attachment-full size-full wp-image-145\" alt=\"Ekologiczne porz\u0105dkowanie teren\u00f3w \u2013 jak Green-Space dba o \u015brodowisko podczas pracy?\" srcset=\"https:\/\/green-space.pro\/wp-content\/uploads\/2025\/06\/green-space-blog3.png 1080w, https:\/\/green-space.pro\/wp-content\/uploads\/2025\/06\/green-space-blog3-300x300.png 300w, https:\/\/green-space.pro\/wp-content\/uploads\/2025\/06\/green-space-blog3-1024x1024.png 1024w, https:\/\/green-space.pro\/wp-content\/uploads\/2025\/06\/green-space-blog3-150x150.png 150w, https:\/\/green-space.pro\/wp-content\/uploads\/2025\/06\/green-space-blog3-768x768.png 768w\" sizes=\"(max-width: 1080px) 100vw, 1080px\" \/>\t\t\t\t\t\t\t\t\t\t\t\t\t\t\t<\/div>\n\t\t\t\t<\/div>\n\t\t\t\t\t<\/div>\n\t\t\t\t<\/div>\n\t\t<div class=\"elementor-element elementor-element-537a4e4 e-flex e-con-boxed e-con e-parent\" data-id=\"537a4e4\" data-element_type=\"container\">\n\t\t\t\t\t<div class=\"e-con-inner\">\n\t\t\t\t<div class=\"elementor-element elementor-element-a52d077 elementor-widget elementor-widget-text-editor\" data-id=\"a52d077\" data-element_type=\"widget\" data-widget_type=\"text-editor.default\">\n\t\t\t\t<div class=\"elementor-widget-container\">\n\t\t\t\t\t\t\t\t\t<p data-pm-slice=\"1 1 []\">W dobie zmian klimatycznych i rosn\u0105cej \u015bwiadomo\u015bci ekologicznej, nie wystarczy tylko &#8222;robi\u0107 porz\u0105dek&#8221;. Trzeba robi\u0107 go m\u0105drze. Green-Space to nie tylko porz\u0105dek, ale i odpowiedzialno\u015b\u0107 za przyrod\u0119.<\/p><h3>Ekologia to nie trend \u2013 to standard<\/h3><p>W Green-Space u\u017cywamy urz\u0105dze\u0144 spalinowych o niskiej emisji, ale tam gdzie to mo\u017cliwe \u2013 wybieramy elektryczne i ciche rozwi\u0105zania. Pracujemy tak, by nie zak\u0142\u00f3ca\u0107 spokoju otoczenia.<\/p><h3>Czym si\u0119 r\u00f3\u017cni koszenie ekologiczne od tradycyjnego?<\/h3><p>Nie chodzi tylko o sprz\u0119t. Ekologiczne koszenie oznacza np. pozostawianie \u015bci\u0119tej trawy w formie \u015bmia\u0142ego mulczu, kt\u00f3ry chroni gleb\u0119 przed przesuszeniem i wzbogaca j\u0105 w substancje od\u017cywcze.<\/p><h3>Zielone odpady = nowe \u017cycie<\/h3><p>Odpady zielone z teren\u00f3w porz\u0105dkowanych przez nas trafiaj\u0105 do kompostowni lub s\u0105 przetwarzane na naturalny naw\u00f3z. Nic si\u0119 nie marnuje.<\/p><h3>Dlaczego warto wybiera\u0107 \u015bwiadome firmy us\u0142ugowe?<\/h3><p>Bo to si\u0119 po prostu op\u0142aca \u2013 ekologicznie i ekonomicznie. Wsp\u00f3\u0142pracuj\u0105c z Green-Space wspierasz ziele\u0144, oszcz\u0119dzasz czas, a jednocze\u015bnie budujesz odpowiedzialny wizerunek swojej marki lub wsp\u00f3lnoty.<\/p>\t\t\t\t\t\t\t\t<\/div>\n\t\t\t\t<\/div>\n\t\t\t\t\t<\/div>\n\t\t\t\t<\/div>\n\t\t<div class=\"elementor-element elementor-element-75899d61 e-flex e-con-boxed e-con e-parent\" data-id=\"75899d61\" data-element_type=\"container\">\n\t\t\t\t\t<div class=\"e-con-inner\">\n\t\t<div class=\"elementor-element elementor-element-34db7171 e-con-full e-flex e-con e-child\" data-id=\"34db7171\" data-element_type=\"container\">\n\t\t\t\t<div class=\"elementor-element elementor-element-2c18223d elementor-widget elementor-widget-image\" data-id=\"2c18223d\" data-element_type=\"widget\" data-widget_type=\"image.default\">\n\t\t\t\t<div class=\"elementor-widget-container\">\n\t\t\t\t\t\t\t\t\t\t\t\t\t\t\t<img loading=\"lazy\" decoding=\"async\" width=\"640\" height=\"228\" src=\"https:\/\/green-space.pro\/wp-content\/uploads\/2025\/06\/logo_zielone_transparentne-1024x365.png\" class=\"attachment-large size-large wp-image-50\" alt=\"\" srcset=\"https:\/\/green-space.pro\/wp-content\/uploads\/2025\/06\/logo_zielone_transparentne-1024x365.png 1024w, https:\/\/green-space.pro\/wp-content\/uploads\/2025\/06\/logo_zielone_transparentne-300x107.png 300w, https:\/\/green-space.pro\/wp-content\/uploads\/2025\/06\/logo_zielone_transparentne-768x274.png 768w, https:\/\/green-space.pro\/wp-content\/uploads\/2025\/06\/logo_zielone_transparentne-1536x547.png 1536w, https:\/\/green-space.pro\/wp-content\/uploads\/2025\/06\/logo_zielone_transparentne-2048x730.png 2048w\" sizes=\"(max-width: 640px) 100vw, 640px\" \/>\t\t\t\t\t\t\t\t\t\t\t\t\t\t\t<\/div>\n\t\t\t\t<\/div>\n\t\t\t\t<div class=\"elementor-element elementor-element-4f88202f elementor-widget__width-initial elementor-widget elementor-widget-text-editor\" data-id=\"4f88202f\" data-element_type=\"widget\" data-widget_type=\"text-editor.default\">\n\t\t\t\t<div class=\"elementor-widget-container\">\n\t\t\t\t\t\t\t\t\t<p><strong data-start=\"166\" data-end=\"227\">Green Space \u2013 Us\u0142ugi porz\u0105dkowo-ogrodnicze<\/strong><\/p>\n<p>\ud83e\uddfe <strong data-start=\"434\" data-end=\"442\">NIP:<\/strong> 7322198383<br data-start=\"453\" data-end=\"456\" \/>\ud83d\udccb <strong data-start=\"459\" data-end=\"469\">REGON:<\/strong> 100399427<\/p>\n<p>\ud83d\udccd <strong data-start=\"266\" data-end=\"276\">Adres:<\/strong> ul. S\u0142oneczna 8, 95-035 Ozork\u00f3w<br data-start=\"551\" data-end=\"554\" \/>\ud83d\udcde <strong data-start=\"557\" data-end=\"569\">Telefon:<\/strong> +48 600 355 814<br data-start=\"585\" data-end=\"588\" \/>\ud83d\udce7 <strong data-start=\"591\" data-end=\"602\">E-mail:<\/strong> <a class=\"cursor-pointer\" rel=\"noopener\" data-start=\"603\" data-end=\"624\">kontakt@greenspace.pl<\/a><\/p>\t\t\t\t\t\t\t\t<\/div>\n\t\t\t\t<\/div>\n\t\t\t\t<\/div>\n\t\t<div class=\"elementor-element elementor-element-14f1b298 e-con-full e-flex e-con e-child\" data-id=\"14f1b298\" data-element_type=\"container\">\n\t\t\t\t<div class=\"elementor-element elementor-element-14fa4207 elementor-widget elementor-widget-html\" data-id=\"14fa4207\" data-element_type=\"widget\" data-widget_type=\"html.default\">\n\t\t\t\t<div class=\"elementor-widget-container\">\n\t\t\t\t\t<form action=\"mailto:kontakt@greenspace.pl\" method=\"post\" enctype=\"text\/plain\" class=\"contact-form\">\r\n  <label for=\"name\">Imi\u0119 i nazwisko<\/label>\r\n  <input type=\"text\" id=\"name\" name=\"name\" required>\r\n\r\n  <label for=\"email\">Adres e-mail<\/label>\r\n  <input type=\"email\" id=\"email\" name=\"email\" required>\r\n\r\n  <label for=\"phone\">Telefon<\/label>\r\n  <input type=\"tel\" id=\"phone\" name=\"phone\">\r\n\r\n  <label for=\"message\">Wiadomo\u015b\u0107<\/label>\r\n  <textarea id=\"message\" name=\"message\" rows=\"5\" required><\/textarea>\r\n\r\n  <button type=\"submit\">Wy\u015blij wiadomo\u015b\u0107<\/button>\r\n<\/form>\r\n\t\t\t\t<\/div>\n\t\t\t\t<\/div>\n\t\t\t\t<\/div>\n\t\t\t\t\t<\/div>\n\t\t\t\t<\/div>\n\t\t\t\t<\/div>\n\t\t","protected":false},"excerpt":{"rendered":"<p>Dlaczego warto regularnie kosi\u0107 du\u017ce tereny zielone? Nie tylko dla estetyki! Wielu w\u0142a\u015bcicieli dzia\u0142ek, zarz\u0105dc\u00f3w osiedli czy przedstawicieli gmin nie zdaje sobie sprawy, jak wielki wp\u0142yw na otoczenie ma regularne&hellip;<\/p>\n","protected":false},"author":1,"featured_media":0,"parent":0,"menu_order":0,"comment_status":"closed","ping_status":"closed","template":"","meta":{"footnotes":""},"class_list":["post-141","page","type-page","status-publish","hentry"],"_links":{"self":[{"href":"https:\/\/green-space.pro\/index.php?rest_route=\/wp\/v2\/pages\/141","targetHints":{"allow":["GET"]}}],"collection":[{"href":"https:\/\/green-space.pro\/index.php?rest_route=\/wp\/v2\/pages"}],"about":[{"href":"https:\/\/green-space.pro\/index.php?rest_route=\/wp\/v2\/types\/page"}],"author":[{"embeddable":true,"href":"https:\/\/green-space.pro\/index.php?rest_route=\/wp\/v2\/users\/1"}],"replies":[{"embeddable":true,"href":"https:\/\/green-space.pro\/index.php?rest_route=%2Fwp%2Fv2%2Fcomments&post=141"}],"version-history":[{"count":10,"href":"https:\/\/green-space.pro\/index.php?rest_route=\/wp\/v2\/pages\/141\/revisions"}],"predecessor-version":[{"id":159,"href":"https:\/\/green-space.pro\/index.php?rest_route=\/wp\/v2\/pages\/141\/revisions\/159"}],"wp:attachment":[{"href":"https:\/\/green-space.pro\/index.php?rest_route=%2Fwp%2Fv2%2Fmedia&parent=141"}],"curies":[{"name":"wp","href":"https:\/\/api.w.org\/{rel}","templated":true}]}}